{"id":184,"date":"2019-06-09T17:39:36","date_gmt":"2019-06-09T14:39:36","guid":{"rendered":"http:\/\/juhani.iki.fi\/euroopan-halki-2019\/?page_id=184"},"modified":"2021-10-22T12:02:17","modified_gmt":"2021-10-22T09:02:17","slug":"aikataulut","status":"publish","type":"page","link":"https:\/\/juhani.iki.fi\/euroopan-halki-2019\/reitti\/aikataulut\/","title":{"rendered":"Aikataulut"},"content":{"rendered":"\n<p>Junavuorot oli katsottu ja liput hankittu etuk\u00e4teen. Kaikki liput kelpasivat s\u00e4hk\u00f6isen\u00e4. T\u00e4t\u00e4 allaolevaa koostetta junavuoroista vilkaistiin aina edellisen\u00e4 p\u00e4iv\u00e4n\u00e4, ett\u00e4 mit\u00e4s siell\u00e4  olikaan seuraavaksi luvassa, ja mit\u00e4 pakataan reppuihin p\u00e4\u00e4llimm\u00e4iseksi. <\/p>\n\n\n\n<p>Nopalla ja <span style=\"background: hsl(50, 100%, 94%);padding:0 0.3em;\">keltaisella v\u00e4rill\u00e4<\/span> merkityill\u00e4 matkoilla k\u00e4yt\u00f6ss\u00e4 oli p\u00f6yt\u00e4 ja vastakkaiset istumapaikat, joten silloin oli hyv\u00e4 tilaisuus <a href=\"http:\/\/juhani.iki.fi\/euroopan-halki-2019\/lautapeleja-junamatkalle\/\">pelata lautapelej\u00e4<\/a>. <\/p>\n\n\n\n<p class=\"small\">V\u00e4lille Tukholma\u2013K\u00f6\u00f6penhamina j\u00e4i kysymysmerkki, koska kaikki sen p\u00e4iv\u00e4t liput ostettiin kerralla Deutsche Bahnilta, eik\u00e4 silloin voinut varmistaa paikkoja muihin kuin saksalaisiin juniin. (Paikat olivat lopulta per\u00e4kk\u00e4iset, mutta se ei est\u00e4nyt pelaamista. <a href=\"http:\/\/juhani.iki.fi\/euroopan-halki-2019\/lautapeleja-junamatkalle\/#daleofmerchants\">Dale of Merchants<\/a> mahtui hyvin my\u00f6s vierekk\u00e4isille selk\u00e4nojap\u00f6ydille.)<\/p>\n\n\n\n<figure class=\"wp-block-image varjo taulukko\"><img decoding=\"async\" loading=\"lazy\" width=\"700\" height=\"1019\" src=\"https:\/\/juhani.iki.fi\/euroopan-halki-2019\/wp-content\/uploads\/tre-portugal-tre-final.png\" alt=\"Junien aikataulut matkalla Tampere-Turku-Tukholma-K\u00f6\u00f6penhamina-Hampuri-Heidelberg-Z\u00fcrich-Davos-Filisur-Tirano-Varenna-Milano-Marseille-Madrid-Lissabon-Po\u00e7oBarreto ja toiseen suuntaan Po\u00e7oBarreto-Lissabon-Sintra-Lissabon-Hendaye-Pariisi-Strasbourg-Hampuri-Kolding-K\u00f6\u00f6penhamina-Tukholma-Turku-Tampere.\" class=\"wp-image-219\" srcset=\"https:\/\/juhani.iki.fi\/euroopan-halki-2019\/wp-content\/uploads\/tre-portugal-tre-final.png 700w, https:\/\/juhani.iki.fi\/euroopan-halki-2019\/wp-content\/uploads\/tre-portugal-tre-final-206x300.png 206w, https:\/\/juhani.iki.fi\/euroopan-halki-2019\/wp-content\/uploads\/tre-portugal-tre-final-343x500.png 343w\" sizes=\"(max-width: 700px) 100vw, 700px\" \/><\/figure>\n\n\n\n<p>Allaoleva kalenterin\u00e4kym\u00e4 (klikkaa isommaksi) n\u00e4ytt\u00e4\u00e4 eri matkojen kestot ja niiden v\u00e4liin j\u00e4tetyt vaihtoajat, jotka osoittautuivat ainakin t\u00e4ll\u00e4 kertaa riitt\u00e4viksi. <\/p>\n\n\n\n<p class=\"small\">Kalenterin\u00e4kym\u00e4\u00e4n ei ole p\u00e4ivitetty matkan varrella tehty\u00e4 suunnitelman muutosta viett\u00e4\u00e4 yksi y\u00f6 my\u00f6s Sintrassa ennen paluuta Ranskan kautta pohjoiseen. Se ei vaikuttanut paluumatkan aikatauluihin. Lis\u00e4ksi kalenteriotteesta on leikkautunut pois iltajuna Pariisista Strasbourgiin.<\/p>\n\n\n\n<figure class=\"wp-block-image\"><a href=\"https:\/\/juhani.iki.fi\/euroopan-halki-2019\/wp-content\/uploads\/aikataulut-sensuroitu.jpg\"><img decoding=\"async\" loading=\"lazy\" width=\"1024\" height=\"203\" src=\"https:\/\/juhani.iki.fi\/euroopan-halki-2019\/wp-content\/uploads\/aikataulut-sensuroitu-1024x203.jpg\" alt=\"\" class=\"wp-image-144\" srcset=\"https:\/\/juhani.iki.fi\/euroopan-halki-2019\/wp-content\/uploads\/aikataulut-sensuroitu-1024x203.jpg 1024w, https:\/\/juhani.iki.fi\/euroopan-halki-2019\/wp-content\/uploads\/aikataulut-sensuroitu-300x59.jpg 300w, https:\/\/juhani.iki.fi\/euroopan-halki-2019\/wp-content\/uploads\/aikataulut-sensuroitu-768x152.jpg 768w, https:\/\/juhani.iki.fi\/euroopan-halki-2019\/wp-content\/uploads\/aikataulut-sensuroitu-1025x203.jpg 1025w\" sizes=\"(max-width: 1024px) 100vw, 1024px\" \/><\/a><\/figure>\n\n\n\n<p><\/p>\n","protected":false},"excerpt":{"rendered":"<p>Junavuorot ja matkojen kestot.<\/p>\n","protected":false},"author":1,"featured_media":428,"parent":58,"menu_order":0,"comment_status":"closed","ping_status":"closed","template":"","meta":{"Layout":""},"aioseo_notices":[],"_links":{"self":[{"href":"https:\/\/juhani.iki.fi\/euroopan-halki-2019\/wp-json\/wp\/v2\/pages\/184"}],"collection":[{"href":"https:\/\/juhani.iki.fi\/euroopan-halki-2019\/wp-json\/wp\/v2\/pages"}],"about":[{"href":"https:\/\/juhani.iki.fi\/euroopan-halki-2019\/wp-json\/wp\/v2\/types\/page"}],"author":[{"embeddable":true,"href":"https:\/\/juhani.iki.fi\/euroopan-halki-2019\/wp-json\/wp\/v2\/users\/1"}],"replies":[{"embeddable":true,"href":"https:\/\/juhani.iki.fi\/euroopan-halki-2019\/wp-json\/wp\/v2\/comments?post=184"}],"version-history":[{"count":33,"href":"https:\/\/juhani.iki.fi\/euroopan-halki-2019\/wp-json\/wp\/v2\/pages\/184\/revisions"}],"predecessor-version":[{"id":775,"href":"https:\/\/juhani.iki.fi\/euroopan-halki-2019\/wp-json\/wp\/v2\/pages\/184\/revisions\/775"}],"up":[{"embeddable":true,"href":"https:\/\/juhani.iki.fi\/euroopan-halki-2019\/wp-json\/wp\/v2\/pages\/58"}],"wp:featuredmedia":[{"embeddable":true,"href":"https:\/\/juhani.iki.fi\/euroopan-halki-2019\/wp-json\/wp\/v2\/media\/428"}],"wp:attachment":[{"href":"https:\/\/juhani.iki.fi\/euroopan-halki-2019\/wp-json\/wp\/v2\/media?parent=184"}],"curies":[{"name":"wp","href":"https:\/\/api.w.org\/{rel}","templated":true}]}}